{"id":637,"date":"2023-10-13T13:42:20","date_gmt":"2023-10-13T10:42:20","guid":{"rendered":"https:\/\/dreamyardlatvia.lv\/privacy-policy\/"},"modified":"2024-06-05T14:47:34","modified_gmt":"2024-06-05T11:47:34","slug":"privacy-policy","status":"publish","type":"page","link":"https:\/\/dreamyardlatvia.lv\/en\/privacy-policy\/","title":{"rendered":"Privacy policy"},"content":{"rendered":"\n<p>SIA \u201cDream Yard\u201d (turpm\u0101k tekst\u0101 \u2013 Uz\u0146\u0113mums) uz\u0146emas pilnu atbild\u012bbu par katra klienta priv\u0101tumu un veic visu nepiecie\u0161amo, lai inform\u0101cija, kuru sa\u0146emam no klientiem, tiktu aizsarg\u0101ta. \u0160\u012b priv\u0101tuma politika (turpm\u0101k tekst\u0101 \u2013 \u201cPolitika\u201d) ir izstr\u0101d\u0101ta, lai J\u016bs lab\u0101k saprastu, k\u0101 tie\u0161i m\u0113s aizsarg\u0101jam J\u016bsu datus un r\u016bp\u0113jamies par tiem. Politika sniedz inform\u0101ciju par to, k\u0101 Uz\u0146\u0113mums v\u0101c, apstr\u0101d\u0101, glab\u0101, dz\u0113\u0161 un aizsarg\u0101 Klienta personas datus, t\u0101d\u0113j\u0101di nodro\u0161inot, ka Klienta personas dati tiek apstr\u0101d\u0101ti likum\u012bgi, godpr\u0101t\u012bgi un Klientam p\u0101rredzam\u0101 veid\u0101.<\/p>\n\n\n\n<p>K\u0100DA INFORM\u0100CIJA TIEK IEV\u0100KTA UN K\u0100DIEM M\u0112R\u0136IEM T\u0100 TIEK IZMANTOTA?<\/p>\n\n\n\n<p>SIA \u201eDream Yard\u201d var iev\u0101kt datus sava uz\u0146\u0113muma ietvaros k\u0101 datu p\u0101rzinis.<\/p>\n\n\n\n<p>DATI, KAS TIEK IEV\u0100KTI UN APSTR\u0100D\u0100TI SIA \u201eDream Yard\u201d DARB\u012aBAS IETVAROS:<\/p>\n\n\n\n<p>Kontaktforma<\/p>\n\n\n\n<p>M\u0113s iev\u0101cam inform\u0101ciju no apmekl\u0113t\u0101jiem, kuri m\u016bsu m\u0101jaslap\u0101 un soci\u0101lajos t\u012bklos aizpilda kontaktformu sazi\u0146ai ar mums. Person\u012bg\u0101 inform\u0101cija tiek iev\u0101kta tikai un vien\u012bgi, lai m\u0113s var\u0113tu ar Jums sazin\u0101ties un atbild\u0113t uz Jums interes\u0113jo\u0161iem jaut\u0101jumiem. Dati netiek nodoti tre\u0161aj\u0101m person\u0101m.<\/p>\n\n\n\n<p>Inform\u0101cija, kuru l\u016bdzam j\u016bs aizpild\u012bt: v\u0101rds, uzv\u0101rds, uz\u0146\u0113mums, t\u0101lrunis, e-pasts un interes\u0113jo\u0161ais jaut\u0101jums. Ja J\u016bs esat mums atst\u0101jis savu kontaktinform\u0101ciju \u2013 ieskaitot person\u012bgos datus, m\u0113s varam \u0161o inform\u0101ciju izmantot, lai sazin\u0101tos ar Jums pa pastu, e-pastu vai telefonu (vai citu komunik\u0101cijas gait\u0101 konkretiz\u0113tu veidu). Sazin\u0101\u0161an\u0101s ar Jums var\u0113tu b\u016bt saist\u012bta ar m\u0101rketinga m\u0113r\u0137iem.<\/p>\n\n\n\n<p>K\u0100DS IR KLIENTA PERSONAS DATU APSTR\u0100DES PAMATS?<\/p>\n\n\n\n<p>Klienta piekri\u0161ana \u2013 Klients, k\u0101 personas datu subjekts, pats dod piekri\u0161anu personas datu v\u0101k\u0161anai un apstr\u0101dei noteiktiem m\u0113r\u0137iem. Klienta piekri\u0161ana ir vi\u0146a br\u012bva griba un patst\u0101v\u012bgs l\u0113mums, kas var tikt sniegts jebkur\u0101 br\u012bd\u012b, t\u0101d\u0113j\u0101di at\u013caujot Uz\u0146\u0113mumam apstr\u0101d\u0101t personas datus noteiktajiem nol\u016bkiem. Klientam ir ties\u012bbas jebkur\u0101 laik\u0101 atsaukt savu iepriek\u0161 sniegto piekri\u0161anu, izmantojot nor\u0101d\u012btos sazi\u0146as kan\u0101lus ar Uz\u0146\u0113mumu. Pieteikt\u0101s izmai\u0146as st\u0101sies sp\u0113k\u0101 tr\u012bs darba dienu laik\u0101. Piekri\u0161anas atsaukums neietekm\u0113 apstr\u0101des likum\u012bbu, kas pamatojas uz piekri\u0161anu pirms atsaukuma.<\/p>\n\n\n\n<p>L\u012bguma nosl\u0113g\u0161ana un izpilde \u2013 lai Uz\u0146\u0113mums var\u0113tu nosl\u0113gt un izpild\u012bt l\u012bgumu ar Klientu, kvalitat\u012bvi sniedzot pakalpojumus un apkalpojot Klientu, tam j\u0101apkopo un j\u0101apstr\u0101d\u0101 noteikti personas dati, kas tiek sav\u0101kti pirms l\u012bguma nosl\u0113g\u0161anas ar Uz\u0146\u0113mumu vai jau nosl\u0113gt\u0101 l\u012bguma laik\u0101.<\/p>\n\n\n\n<p>Uz\u0146\u0113muma le\u0123it\u012bmas intereses \u2013 iev\u0113rojot Uz\u0146\u0113muma intereses, kuru pamat\u0101 ir kvalitat\u012bvu pakalpojumu un savlaic\u012bga atbalsta snieg\u0161ana Klientam, uz\u0146\u0113mumam ir ties\u012bbas apstr\u0101d\u0101t Klienta personas datus t\u0101d\u0101 apjom\u0101, k\u0101ds tam ir objekt\u012bvi nepiecie\u0161ams.<\/p>\n\n\n\n<p>K\u0100DS IR KLIENTA PERSONAS DATU APSTR\u0100DES LAIKS?<\/p>\n\n\n\n<p>Uz\u0146\u0113mums apstr\u0101d\u0101s Klienta personas datus, kam\u0113r past\u0101v vismaz viens no \u0161\u0101diem apst\u0101k\u013ciem:<\/p>\n\n\n\n<p>ir sp\u0113k\u0101 L\u012bgums starp Klientu un uz\u0146\u0113mumu;<br>personas datu glab\u0101\u0161an\u0101s termi\u0146\u0161 ir noteikts vai izriet no Latvijas Republikas un Eiropas Savien\u012bbas normat\u012bvajiem aktiem;<br>cik tas ir nepiecie\u0161ams Uz\u0146\u0113muma le\u0123it\u012bmo intere\u0161u realiz\u0101cijai un aizsardz\u012bbai;<br>kam\u0113r nav atsaukta Klienta piekri\u0161ana personas datu apstr\u0101dei.<br>S\u012aKDATNES (COOKIES)<\/p>\n\n\n\n<p>S\u012bkdatnes ir nelielas inform\u0101cijas daudzums, kas tiek saglab\u0101ts J\u016bsu datora, plan\u0161etdatora p\u0101rl\u016bkprogramm\u0101 vai J\u016bsu mobilaj\u0101 ier\u012bc\u0113, apmekl\u0113jot t\u012bmek\u013ca vietni, lai identific\u0113tu p\u0101rl\u016bkprogrammu vai p\u0101rl\u016bkprogramm\u0101 saglab\u0101tu inform\u0101ciju vai iestat\u012bjumus. T\u0101d\u0113j\u0101di ar s\u012bkdat\u0146u pal\u012bdz\u012bbu t\u012bmek\u013ca vietne ieg\u016bst sp\u0113ju saglab\u0101t lietot\u0101ja individu\u0101los iestat\u012bjumus, atpaz\u012bt vi\u0146u un atbilsto\u0161i rea\u0123\u0113t. Tu vari atsp\u0113jot vai ierobe\u017eot s\u012bkdat\u0146u izmanto\u0161anu, ta\u010du bez s\u012bkdatn\u0113m neb\u016bs iesp\u0113jams pilnv\u0113rt\u012bgi izmantot visas viet\u0146u funkcijas.<\/p>\n\n\n\n<p>M\u016aSU M\u0100JASLAP\u0100 TIEK LIETOTAS \u0160\u0100DAS S\u012aKDATNES:<\/p>\n\n\n\n<p>Tehnisk\u0101s s\u012bkdatnes: M\u0113s cen\u0161amies pied\u0101v\u0101t saviem lietot\u0101jiem att\u012bst\u012btu un lietot\u0101jiem draudz\u012bgu m\u0101jas lapu, kas autom\u0101tiski piel\u0101gojas lietot\u0101ju vajadz\u012bb\u0101m un v\u0113lm\u0113m. \u0160\u012b m\u0113r\u0137a sasnieg\u0161anai m\u0113s izmantojam tehnisk\u0101s s\u012bkdatnes, lai jums r\u0101d\u012btu m\u016bsu m\u0101jas lapu, lai m\u0101jas lapa pareizi str\u0101d\u0101tu. Respekt\u012bvi, \u0161\u012b s\u012bkdatnes ir noteikti nepiecie\u0161amas m\u016bsu m\u0101jas lapas atbilsto\u0161ai funkcion\u0113\u0161anai.<\/p>\n\n\n\n<p>Funkcion\u0101l\u0101s s\u012bkdatnes: M\u0113s izmantojam ar\u012b funkcion\u0101las s\u012bkdatnes, lai atcer\u0113tos j\u016bsu izv\u0113les un lai pal\u012bdz\u0113tu jums izmantot m\u016bsu m\u0101jas lapu p\u0113c iesp\u0113jas produkt\u012bv\u0101k, piem\u0113ram, atceroties j\u016bsu izv\u0113l\u0113to pakalpojumu. \u0160\u012bs funkcion\u0101l\u0101s s\u012bkdatnes nav noteikti nepiecie\u0161amas m\u016bsu m\u0101jas lapas atbilsto\u0161ai funkcion\u0113\u0161anai, tom\u0113r jums k\u0101 lietot\u0101jam t\u0101s ir papildus noder\u012bgas, jo t\u0101s uzlabo j\u016bsu lietot\u0101ja pieredzi.<\/p>\n\n\n\n<p>Anal\u012btisk\u0101s s\u012bkdatnes: M\u0113s izmantojam \u0161\u012bs s\u012bkdatnes, lai g\u016btu ieskatu par to, k\u0101 m\u016bsu lietot\u0101ji izmanto m\u0101jas lapu, lai uzzin\u0101tu, kas str\u0101d\u0101 un kas nestr\u0101d\u0101, lai optimiz\u0113tu un uzlabotu m\u0101jas lapu un lai nodro\u0161in\u0101tu, ka lietot\u0101jiem m\u016bsu pied\u0101v\u0101tais produkts joproj\u0101m ir interesants un atbilsto\u0161s. M\u0113s re\u0123istr\u0113jam t\u0101dus datus k\u0101 j\u016bsu skat\u012bt\u0101s m\u0101jas lapas, j\u016bsu izmantot\u0101s platformas veidu, inform\u0101ciju par datumu \/ laiku , klik\u0161\u0137u skaitu attiec\u012bgaj\u0101 lap\u0101, peles kust\u012bb\u0101m, ritin\u0101\u0161anas kust\u012bb\u0101m, j\u016bsu izmantotos mekl\u0113\u0161anas v\u0101rdus. Anal\u012btisk\u0101s s\u012bkdatnes identific\u0113 tikai J\u016bsu iek\u0101rtu, ta\u010du neizpau\u017e J\u016bsu identit\u0101ti. Atsevi\u0161\u0137os gad\u012bjumos da\u017eas no anal\u012btiskaj\u0101m s\u012bkdatn\u0113m m\u016bsu viet\u0101 saska\u0146\u0101 ar m\u016bsu nor\u0101d\u012bjumiem un tikai atbilsto\u0161i nor\u0101d\u012btajiem m\u0113r\u0137iem p\u0101rvalda tre\u0161\u0101s personas, piem\u0113ram, Google Analytics, Facebook. Google Analytics sasaista m\u016bsu t\u012bmek\u013ca vietn\u0113 ieg\u016bto apmekl\u0113jumu inform\u0101ciju ar Google inform\u0101ciju no lietot\u0101jiem ar pierakst\u012b\u0161an\u0101s kontiem, kas ir piekritu\u0161i \u0161ai sasaistei rekl\u0101mu personaliz\u0113\u0161anas nol\u016bkam.<\/p>\n\n\n\n<p>Rekl\u0101mas s\u012bkdatnes: M\u0113s izmantojam gan m\u016bsu, gan tre\u0161o pu\u0161u s\u012bkdatnes, lai par\u0101d\u012btu jums personaliz\u0113tas rekl\u0101mas m\u016bsu un cit\u0101s m\u0101jas lap\u0101s. T\u0101s sauc par nos\u016bt\u012btaj\u0101m m\u0101jas lap\u0101m un tiek balst\u012btas uz j\u016bsu p\u0101rl\u016bko\u0161anas aktivit\u0101t\u0113m m\u016bsu m\u0101jas lap\u0101, piem\u0113ram, j\u016bsu mekl\u0113tajiem pakalpojumiem. Parasti \u0161\u012bs s\u012bkdatnes ar m\u016bsu at\u013cauju atbilsto\u0161i nor\u0101d\u012btajiem m\u0113r\u0137iem izvieto tre\u0161\u0101s personas, piem\u0113ram, Google Ads un Facebook. Google Analytics sasaista m\u016bsu t\u012bmek\u013ca vietn\u0113 ieg\u016bto apmekl\u0113jumu inform\u0101ciju ar Google inform\u0101ciju no lietot\u0101jiem ar pierakst\u012b\u0161an\u0101s kontiem, kas ir piekritu\u0161i \u0161ai sasaistei rekl\u0101mu personaliz\u0113\u0161anas nol\u016bkam. \u0160aj\u0101 Google inform\u0101cij\u0101 var b\u016bt iek\u013cauta galalietot\u0101ja atra\u0161an\u0101s vieta, mekl\u0113jumu v\u0113sture, YouTube v\u0113sture un dati no t\u012bmek\u013ca vietn\u0113m, kas ir Google partneri, \u2014 un t\u0101 tiek izmantota, lai sniegtu apkopotu un anonimiz\u0113tu ieskatu lietot\u0101ju uzved\u012bbu, izmantojot da\u017e\u0101das ier\u012bc\u0113s.<\/p>\n\n\n\n<p>K\u0100 APSTIPRIN\u0100T, ATSP\u0112JOT VAI IZDZ\u0112ST S\u012aKDATNES?<\/p>\n\n\n\n<p>Apmekl\u0113jot m\u016bsu vietni, Jums tiek par\u0101d\u012bts logs ar zi\u0146ojumu par t\u012bmek\u013ca vietnes s\u012bkdat\u0146u izmanto\u0161anu. Turpinot lietot lapu, J\u016bs apstiprin\u0101t, ka esat iepazinu\u0161ies ar inform\u0101ciju par s\u012bkdatn\u0113m un to izmanto\u0161anas m\u0113r\u0137iem.<\/p>\n\n\n\n<p>Lai atsp\u0113jotu s\u012bkdatnes, aktiviz\u0113jiet savas p\u0101rl\u016bkprogrammas iestat\u012bjumu, kas \u013cauj Jums atcelt visu vai da\u017eu s\u012bkdat\u0146u iestat\u012bjumus. Ta\u010du, ja izmantosiet savas p\u0101rl\u016bkprogrammas iestat\u012bjumus, lai atsp\u0113jotu visas s\u012bkdatnes (tostarp tehnisk\u0101s s\u012bkdatnes), J\u016bs, iesp\u0113jams, nevar\u0113sit piek\u013c\u016bt vis\u0101m viet\u0146u sada\u013c\u0101m.<\/p>\n\n\n\n<p>IZMAI\u0145AS PRIV\u0100TUMA POLITIK\u0100<\/p>\n\n\n\n<p>SIA \u201cDream Yard\u201d patur ties\u012bbas p\u0101rrakst\u012bt vai modific\u0113t \u0161o politiku, k\u0101 ar\u012b jebkuru citu inform\u0101ciju, kas atrodama \u0161aj\u0101 m\u0101jaslap\u0101, atjauninot saturu attiec\u012bgaj\u0101s sada\u013c\u0101s. Lietojot \u0161o m\u0101jaslapu, J\u016bs piekr\u012btat visiem noteikumiem un tajos veikt\u0101m izmai\u0146\u0101m. Jebk\u0101da veida izmai\u0146as m\u016bsu priv\u0101tuma politik\u0101 tiks public\u0113tas \u0161eit. L\u016bdzu, p\u0101rbaudiet \u0161o lapu regul\u0101ri.<\/p>\n\n\n\n<p>Ja Jums radu\u0161ies k\u0101di jaut\u0101jumi, kas saist\u012bti ar Priv\u0101tuma Politiku, sazinieties ar mums izmantojot kontaktus, kas nor\u0101d\u012bti kontaktu sada\u013c\u0101.<\/p>\n","protected":false},"excerpt":{"rendered":"<p>SIA \u201cDream Yard\u201d (turpm\u0101k tekst\u0101 \u2013 Uz\u0146\u0113mums) uz\u0146emas pilnu atbild\u012bbu par katra klienta priv\u0101tumu un veic visu nepiecie\u0161amo, lai inform\u0101cija, [&hellip;]<\/p>\n","protected":false},"author":1,"featured_media":0,"parent":0,"menu_order":0,"comment_status":"closed","ping_status":"open","template":"","meta":{"_acf_changed":false,"footnotes":""},"acf":[],"_links":{"self":[{"href":"https:\/\/dreamyardlatvia.lv\/en\/wp-json\/wp\/v2\/pages\/637"}],"collection":[{"href":"https:\/\/dreamyardlatvia.lv\/en\/wp-json\/wp\/v2\/pages"}],"about":[{"href":"https:\/\/dreamyardlatvia.lv\/en\/wp-json\/wp\/v2\/types\/page"}],"author":[{"embeddable":true,"href":"https:\/\/dreamyardlatvia.lv\/en\/wp-json\/wp\/v2\/users\/1"}],"replies":[{"embeddable":true,"href":"https:\/\/dreamyardlatvia.lv\/en\/wp-json\/wp\/v2\/comments?post=637"}],"version-history":[{"count":1,"href":"https:\/\/dreamyardlatvia.lv\/en\/wp-json\/wp\/v2\/pages\/637\/revisions"}],"predecessor-version":[{"id":638,"href":"https:\/\/dreamyardlatvia.lv\/en\/wp-json\/wp\/v2\/pages\/637\/revisions\/638"}],"wp:attachment":[{"href":"https:\/\/dreamyardlatvia.lv\/en\/wp-json\/wp\/v2\/media?parent=637"}],"curies":[{"name":"wp","href":"https:\/\/api.w.org\/{rel}","templated":true}]}}