{"id":676,"date":"2023-10-13T17:27:32","date_gmt":"2023-10-13T14:27:32","guid":{"rendered":"https:\/\/dreamyardlatvia.lv\/par-mums\/"},"modified":"2024-06-11T10:39:06","modified_gmt":"2024-06-11T07:39:06","slug":"about-us","status":"publish","type":"page","link":"https:\/\/dreamyardlatvia.lv\/en\/about-us\/","title":{"rendered":"About us"},"content":{"rendered":"\n<p>Dream Yard komanda ir labiek\u0101rto\u0161anas Speci\u0101listi ar vair\u0101k nek\u0101 15 gadu pieredzi gan Latvij\u0101, gan starptautisk\u0101 l\u012bmen\u012b.<\/p>\n\n\n\n<p>M\u016bsu ekspertu komanda ir \u012bstenojusi veiksm\u012bgus projektus Latvij\u0101, Igaunij\u0101, Zviedrij\u0101 un Somij\u0101, pied\u0101v\u0101jot piel\u0101gotus risin\u0101jumus, kas apvieno est\u0113tiku un funkcionalit\u0101ti.<\/p>\n\n\n\n<p>Esam uz klientu v\u0113rsts uz\u0146\u0113mums, kas vienm\u0113r izce\u013c t\u0101das v\u0113rt\u012bbas k\u0101 profesion\u0101lisms, caursp\u012bd\u012bga cenu politika, atbild\u012bba un garantija par izdar\u012bto darbu.<\/p>\n\n\n\n<figure class=\"wp-block-image size-full\"><img loading=\"lazy\" decoding=\"async\" width=\"1000\" height=\"732\" src=\"https:\/\/dreamyardlatvia.lv\/wp-content\/uploads\/2024\/05\/1cb7439e-da29-4fe2-8399-9b8810ff348b.webp\" alt=\"\" class=\"wp-image-545\" title=\"\" srcset=\"https:\/\/dreamyardlatvia.lv\/wp-content\/uploads\/2024\/05\/1cb7439e-da29-4fe2-8399-9b8810ff348b.webp 1000w, https:\/\/dreamyardlatvia.lv\/wp-content\/uploads\/2024\/05\/1cb7439e-da29-4fe2-8399-9b8810ff348b-960x703.webp 960w, https:\/\/dreamyardlatvia.lv\/wp-content\/uploads\/2024\/05\/1cb7439e-da29-4fe2-8399-9b8810ff348b-768x562.webp 768w, https:\/\/dreamyardlatvia.lv\/wp-content\/uploads\/2024\/05\/1cb7439e-da29-4fe2-8399-9b8810ff348b-480x351.webp 480w, https:\/\/dreamyardlatvia.lv\/wp-content\/uploads\/2024\/05\/1cb7439e-da29-4fe2-8399-9b8810ff348b-640x468.webp 640w, https:\/\/dreamyardlatvia.lv\/wp-content\/uploads\/2024\/05\/1cb7439e-da29-4fe2-8399-9b8810ff348b-720x527.webp 720w\" sizes=\"(max-width: 1000px) 100vw, 1000px\" \/><\/figure>\n","protected":false},"excerpt":{"rendered":"<p>Dream Yard komanda ir labiek\u0101rto\u0161anas Speci\u0101listi ar vair\u0101k nek\u0101 15 gadu pieredzi gan Latvij\u0101, gan starptautisk\u0101 l\u012bmen\u012b. M\u016bsu ekspertu komanda [&hellip;]<\/p>\n","protected":false},"author":1,"featured_media":0,"parent":0,"menu_order":0,"comment_status":"closed","ping_status":"closed","template":"","meta":{"_acf_changed":false,"footnotes":""},"acf":[],"_links":{"self":[{"href":"https:\/\/dreamyardlatvia.lv\/en\/wp-json\/wp\/v2\/pages\/676"}],"collection":[{"href":"https:\/\/dreamyardlatvia.lv\/en\/wp-json\/wp\/v2\/pages"}],"about":[{"href":"https:\/\/dreamyardlatvia.lv\/en\/wp-json\/wp\/v2\/types\/page"}],"author":[{"embeddable":true,"href":"https:\/\/dreamyardlatvia.lv\/en\/wp-json\/wp\/v2\/users\/1"}],"replies":[{"embeddable":true,"href":"https:\/\/dreamyardlatvia.lv\/en\/wp-json\/wp\/v2\/comments?post=676"}],"version-history":[{"count":1,"href":"https:\/\/dreamyardlatvia.lv\/en\/wp-json\/wp\/v2\/pages\/676\/revisions"}],"predecessor-version":[{"id":677,"href":"https:\/\/dreamyardlatvia.lv\/en\/wp-json\/wp\/v2\/pages\/676\/revisions\/677"}],"wp:attachment":[{"href":"https:\/\/dreamyardlatvia.lv\/en\/wp-json\/wp\/v2\/media?parent=676"}],"curies":[{"name":"wp","href":"https:\/\/api.w.org\/{rel}","templated":true}]}}